{"id":1434,"date":"2023-06-09T08:26:28","date_gmt":"2023-06-09T06:26:28","guid":{"rendered":"https:\/\/mv-center.com\/team\/"},"modified":"2026-03-11T15:52:10","modified_gmt":"2026-03-11T14:52:10","slug":"team","status":"publish","type":"page","link":"https:\/\/mv-center.com\/en\/team\/","title":{"rendered":"Team"},"content":{"rendered":"\t\t<div data-elementor-type=\"wp-page\" data-elementor-id=\"1434\" class=\"elementor elementor-1434 elementor-824\" data-elementor-post-type=\"page\">\n\t\t\t\t\t\t<section class=\"elementor-section elementor-top-section elementor-element elementor-element-eccf0f1 elementor-section-full_width elementor-section-height-default elementor-section-height-default\" data-id=\"eccf0f1\" data-element_type=\"section\" data-settings=\"{&quot;jet_parallax_layout_list&quot;:[]}\">\n\t\t\t\t\t\t<div class=\"elementor-container elementor-column-gap-default\">\n\t\t\t\t\t<div class=\"elementor-column elementor-col-100 elementor-top-column elementor-element elementor-element-20aff0c\" data-id=\"20aff0c\" data-element_type=\"column\">\n\t\t\t<div class=\"elementor-widget-wrap elementor-element-populated\">\n\t\t\t\t\t\t<div class=\"elementor-element elementor-element-e77c6c5 elementor-widget elementor-widget-template\" data-id=\"e77c6c5\" data-element_type=\"widget\" data-widget_type=\"template.default\">\n\t\t\t\t<div class=\"elementor-widget-container\">\n\t\t\t\t\t\t\t<div class=\"elementor-template\">\n\t\t\t\t\t<div data-elementor-type=\"section\" data-elementor-id=\"1322\" class=\"elementor elementor-1322 elementor-370\" data-elementor-post-type=\"elementor_library\">\n\t\t\t\t\t<section class=\"elementor-section elementor-top-section elementor-element elementor-element-22556ef9 elementor-section-boxed elementor-section-height-default elementor-section-height-default\" data-id=\"22556ef9\" data-element_type=\"section\" data-settings=\"{&quot;background_background&quot;:&quot;classic&quot;,&quot;jet_parallax_layout_list&quot;:[]}\">\n\t\t\t\t\t\t\t<div class=\"elementor-background-overlay\"><\/div>\n\t\t\t\t\t\t\t<div class=\"elementor-container elementor-column-gap-default\">\n\t\t\t\t\t<div class=\"elementor-column elementor-col-100 elementor-top-column elementor-element elementor-element-626ca1c0\" data-id=\"626ca1c0\" data-element_type=\"column\">\n\t\t\t<div class=\"elementor-widget-wrap elementor-element-populated\">\n\t\t\t\t\t\t\t<\/div>\n\t\t<\/div>\n\t\t\t\t\t<\/div>\n\t\t<\/section>\n\t\t\t\t<\/div>\n\t\t\t\t<\/div>\n\t\t\t\t\t\t<\/div>\n\t\t\t\t<\/div>\n\t\t\t\t\t<\/div>\n\t\t<\/div>\n\t\t\t\t\t<\/div>\n\t\t<\/section>\n\t\t\t\t<section class=\"elementor-section elementor-top-section elementor-element elementor-element-f4a696d elementor-section-boxed elementor-section-height-default elementor-section-height-default\" data-id=\"f4a696d\" data-element_type=\"section\" data-settings=\"{&quot;jet_parallax_layout_list&quot;:[]}\">\n\t\t\t\t\t\t<div class=\"elementor-container elementor-column-gap-default\">\n\t\t\t\t\t<div class=\"elementor-column elementor-col-100 elementor-top-column elementor-element elementor-element-a0a53f1\" data-id=\"a0a53f1\" data-element_type=\"column\">\n\t\t\t<div class=\"elementor-widget-wrap elementor-element-populated\">\n\t\t\t\t\t\t<div class=\"elementor-element elementor-element-a03587c elementor-widget elementor-widget-text-editor\" data-id=\"a03587c\" data-element_type=\"widget\" data-widget_type=\"text-editor.default\">\n\t\t\t\t<div class=\"elementor-widget-container\">\n\t\t\t\t\t\t\t\t\t<p>Our teams from each division of the organization will work on solving your problem. Get to know their leaders, who will contact you directly.<\/p>\n\t\t\t\t\t\t\t\t<\/div>\n\t\t\t\t<\/div>\n\t\t\t\t\t<\/div>\n\t\t<\/div>\n\t\t\t\t\t<\/div>\n\t\t<\/section>\n\t\t\t\t<section class=\"elementor-section elementor-top-section elementor-element elementor-element-67bf5db elementor-section-boxed elementor-section-height-default elementor-section-height-default\" data-id=\"67bf5db\" data-element_type=\"section\" data-settings=\"{&quot;jet_parallax_layout_list&quot;:[]}\">\n\t\t\t\t\t\t<div class=\"elementor-container elementor-column-gap-default\">\n\t\t\t\t\t<div class=\"elementor-column elementor-col-25 elementor-top-column elementor-element elementor-element-e0b33b5\" data-id=\"e0b33b5\" data-element_type=\"column\">\n\t\t\t<div class=\"elementor-widget-wrap elementor-element-populated\">\n\t\t\t\t\t\t<div class=\"elementor-element elementor-element-72b8b60 elementor-widget elementor-widget-image\" data-id=\"72b8b60\" data-element_type=\"widget\" data-widget_type=\"image.default\">\n\t\t\t\t<div class=\"elementor-widget-container\">\n\t\t\t\t\t\t\t\t\t\t\t\t\t\t\t<img fetchpriority=\"high\" decoding=\"async\" width=\"666\" height=\"1000\" src=\"https:\/\/mv-center.com\/wp-content\/uploads\/2025\/06\/Portret_-11-1.jpg\" class=\"attachment-large size-large wp-image-4326\" alt=\"\" srcset=\"https:\/\/mv-center.com\/wp-content\/uploads\/2025\/06\/Portret_-11-1.jpg 666w, https:\/\/mv-center.com\/wp-content\/uploads\/2025\/06\/Portret_-11-1-200x300.jpg 200w, https:\/\/mv-center.com\/wp-content\/uploads\/2025\/06\/Portret_-11-1-16x24.jpg 16w, https:\/\/mv-center.com\/wp-content\/uploads\/2025\/06\/Portret_-11-1-24x36.jpg 24w, https:\/\/mv-center.com\/wp-content\/uploads\/2025\/06\/Portret_-11-1-32x48.jpg 32w\" sizes=\"(max-width: 666px) 100vw, 666px\" \/>\t\t\t\t\t\t\t\t\t\t\t\t\t\t\t<\/div>\n\t\t\t\t<\/div>\n\t\t\t\t<div class=\"elementor-element elementor-element-15ecbd2 elementor-widget elementor-widget-heading\" data-id=\"15ecbd2\" data-element_type=\"widget\" data-widget_type=\"heading.default\">\n\t\t\t\t<div class=\"elementor-widget-container\">\n\t\t\t\t\t<h2 class=\"elementor-heading-title elementor-size-default\">Jakub W\u00f3jcik  <\/h2>\t\t\t\t<\/div>\n\t\t\t\t<\/div>\n\t\t\t\t<div class=\"elementor-element elementor-element-c202314 elementor-widget elementor-widget-heading\" data-id=\"c202314\" data-element_type=\"widget\" data-widget_type=\"heading.default\">\n\t\t\t\t<div class=\"elementor-widget-container\">\n\t\t\t\t\t<h2 class=\"elementor-heading-title elementor-size-default\">project manager<\/h2>\t\t\t\t<\/div>\n\t\t\t\t<\/div>\n\t\t\t\t<div class=\"elementor-element elementor-element-96c215d elementor-icon-list--layout-traditional elementor-list-item-link-full_width elementor-widget elementor-widget-icon-list\" data-id=\"96c215d\" data-element_type=\"widget\" data-widget_type=\"icon-list.default\">\n\t\t\t\t<div class=\"elementor-widget-container\">\n\t\t\t\t\t\t\t<ul class=\"elementor-icon-list-items\">\n\t\t\t\t\t\t\t<li class=\"elementor-icon-list-item\">\n\t\t\t\t\t\t\t\t\t\t\t<span class=\"elementor-icon-list-icon\">\n\t\t\t\t\t\t\t<i aria-hidden=\"true\" class=\"fas fa-phone-square-alt\"><\/i>\t\t\t\t\t\t<\/span>\n\t\t\t\t\t\t\t\t\t\t<span class=\"elementor-icon-list-text\">+48 669 909 509<\/span>\n\t\t\t\t\t\t\t\t\t<\/li>\n\t\t\t\t\t\t\t\t<li class=\"elementor-icon-list-item\">\n\t\t\t\t\t\t\t\t\t\t\t<a href=\"mailto:jwojcik@mv-center.com\">\n\n\t\t\t\t\t\t\t\t\t\t\t\t<span class=\"elementor-icon-list-icon\">\n\t\t\t\t\t\t\t<i aria-hidden=\"true\" class=\"far fa-envelope-open\"><\/i>\t\t\t\t\t\t<\/span>\n\t\t\t\t\t\t\t\t\t\t<span class=\"elementor-icon-list-text\">jwojcik@mv-center.com<\/span>\n\t\t\t\t\t\t\t\t\t\t\t<\/a>\n\t\t\t\t\t\t\t\t\t<\/li>\n\t\t\t\t\t\t<\/ul>\n\t\t\t\t\t\t<\/div>\n\t\t\t\t<\/div>\n\t\t\t\t\t<\/div>\n\t\t<\/div>\n\t\t\t\t<div class=\"elementor-column elementor-col-25 elementor-top-column elementor-element elementor-element-eb71bc3\" data-id=\"eb71bc3\" data-element_type=\"column\">\n\t\t\t<div class=\"elementor-widget-wrap elementor-element-populated\">\n\t\t\t\t\t\t<div class=\"elementor-element elementor-element-10feaa8 elementor-widget elementor-widget-image\" data-id=\"10feaa8\" data-element_type=\"widget\" data-widget_type=\"image.default\">\n\t\t\t\t<div class=\"elementor-widget-container\">\n\t\t\t\t\t\t\t\t\t\t\t\t\t\t\t<img decoding=\"async\" width=\"666\" height=\"1000\" src=\"https:\/\/mv-center.com\/wp-content\/uploads\/2025\/06\/Portret_-7-1.jpg\" class=\"attachment-large size-large wp-image-4328\" alt=\"\" srcset=\"https:\/\/mv-center.com\/wp-content\/uploads\/2025\/06\/Portret_-7-1.jpg 666w, https:\/\/mv-center.com\/wp-content\/uploads\/2025\/06\/Portret_-7-1-200x300.jpg 200w, https:\/\/mv-center.com\/wp-content\/uploads\/2025\/06\/Portret_-7-1-16x24.jpg 16w, https:\/\/mv-center.com\/wp-content\/uploads\/2025\/06\/Portret_-7-1-24x36.jpg 24w, https:\/\/mv-center.com\/wp-content\/uploads\/2025\/06\/Portret_-7-1-32x48.jpg 32w\" sizes=\"(max-width: 666px) 100vw, 666px\" \/>\t\t\t\t\t\t\t\t\t\t\t\t\t\t\t<\/div>\n\t\t\t\t<\/div>\n\t\t\t\t<div class=\"elementor-element elementor-element-e6e1688 elementor-widget elementor-widget-heading\" data-id=\"e6e1688\" data-element_type=\"widget\" data-widget_type=\"heading.default\">\n\t\t\t\t<div class=\"elementor-widget-container\">\n\t\t\t\t\t<h2 class=\"elementor-heading-title elementor-size-default\">Pawe\u0142 Janczyk <\/h2>\t\t\t\t<\/div>\n\t\t\t\t<\/div>\n\t\t\t\t<div class=\"elementor-element elementor-element-538ca50 elementor-widget elementor-widget-heading\" data-id=\"538ca50\" data-element_type=\"widget\" data-widget_type=\"heading.default\">\n\t\t\t\t<div class=\"elementor-widget-container\">\n\t\t\t\t\t<h2 class=\"elementor-heading-title elementor-size-default\">sales manager<\/h2>\t\t\t\t<\/div>\n\t\t\t\t<\/div>\n\t\t\t\t<div class=\"elementor-element elementor-element-688f9ff elementor-icon-list--layout-traditional elementor-list-item-link-full_width elementor-widget elementor-widget-icon-list\" data-id=\"688f9ff\" data-element_type=\"widget\" data-widget_type=\"icon-list.default\">\n\t\t\t\t<div class=\"elementor-widget-container\">\n\t\t\t\t\t\t\t<ul class=\"elementor-icon-list-items\">\n\t\t\t\t\t\t\t<li class=\"elementor-icon-list-item\">\n\t\t\t\t\t\t\t\t\t\t\t<span class=\"elementor-icon-list-icon\">\n\t\t\t\t\t\t\t<i aria-hidden=\"true\" class=\"fas fa-phone-square-alt\"><\/i>\t\t\t\t\t\t<\/span>\n\t\t\t\t\t\t\t\t\t\t<span class=\"elementor-icon-list-text\">+48 669 209 109<\/span>\n\t\t\t\t\t\t\t\t\t<\/li>\n\t\t\t\t\t\t\t\t<li class=\"elementor-icon-list-item\">\n\t\t\t\t\t\t\t\t\t\t\t<a href=\"mailto:pjanczyk@mv-center.com\">\n\n\t\t\t\t\t\t\t\t\t\t\t\t<span class=\"elementor-icon-list-icon\">\n\t\t\t\t\t\t\t<i aria-hidden=\"true\" class=\"far fa-envelope-open\"><\/i>\t\t\t\t\t\t<\/span>\n\t\t\t\t\t\t\t\t\t\t<span class=\"elementor-icon-list-text\">pjanczyk@mv-center.com<\/span>\n\t\t\t\t\t\t\t\t\t\t\t<\/a>\n\t\t\t\t\t\t\t\t\t<\/li>\n\t\t\t\t\t\t<\/ul>\n\t\t\t\t\t\t<\/div>\n\t\t\t\t<\/div>\n\t\t\t\t\t<\/div>\n\t\t<\/div>\n\t\t\t\t<div class=\"elementor-column elementor-col-25 elementor-top-column elementor-element elementor-element-dd70d29\" data-id=\"dd70d29\" data-element_type=\"column\">\n\t\t\t<div class=\"elementor-widget-wrap elementor-element-populated\">\n\t\t\t\t\t\t<div class=\"elementor-element elementor-element-7260020 elementor-widget elementor-widget-image\" data-id=\"7260020\" data-element_type=\"widget\" data-widget_type=\"image.default\">\n\t\t\t\t<div class=\"elementor-widget-container\">\n\t\t\t\t\t\t\t\t\t\t\t\t\t\t\t<img decoding=\"async\" width=\"666\" height=\"1000\" src=\"https:\/\/mv-center.com\/wp-content\/uploads\/2025\/06\/Portret_-6-1.jpg\" class=\"attachment-large size-large wp-image-4330\" alt=\"\" srcset=\"https:\/\/mv-center.com\/wp-content\/uploads\/2025\/06\/Portret_-6-1.jpg 666w, https:\/\/mv-center.com\/wp-content\/uploads\/2025\/06\/Portret_-6-1-200x300.jpg 200w, https:\/\/mv-center.com\/wp-content\/uploads\/2025\/06\/Portret_-6-1-16x24.jpg 16w, https:\/\/mv-center.com\/wp-content\/uploads\/2025\/06\/Portret_-6-1-24x36.jpg 24w, https:\/\/mv-center.com\/wp-content\/uploads\/2025\/06\/Portret_-6-1-32x48.jpg 32w\" sizes=\"(max-width: 666px) 100vw, 666px\" \/>\t\t\t\t\t\t\t\t\t\t\t\t\t\t\t<\/div>\n\t\t\t\t<\/div>\n\t\t\t\t<div class=\"elementor-element elementor-element-e8b4a92 elementor-widget elementor-widget-heading\" data-id=\"e8b4a92\" data-element_type=\"widget\" data-widget_type=\"heading.default\">\n\t\t\t\t<div class=\"elementor-widget-container\">\n\t\t\t\t\t<h2 class=\"elementor-heading-title elementor-size-default\">Wiktor \u0141\u0119czek  <\/h2>\t\t\t\t<\/div>\n\t\t\t\t<\/div>\n\t\t\t\t<div class=\"elementor-element elementor-element-0d2da4a elementor-widget elementor-widget-heading\" data-id=\"0d2da4a\" data-element_type=\"widget\" data-widget_type=\"heading.default\">\n\t\t\t\t<div class=\"elementor-widget-container\">\n\t\t\t\t\t<h2 class=\"elementor-heading-title elementor-size-default\">technical manager\n<\/h2>\t\t\t\t<\/div>\n\t\t\t\t<\/div>\n\t\t\t\t<div class=\"elementor-element elementor-element-b08b772 elementor-icon-list--layout-traditional elementor-list-item-link-full_width elementor-widget elementor-widget-icon-list\" data-id=\"b08b772\" data-element_type=\"widget\" data-widget_type=\"icon-list.default\">\n\t\t\t\t<div class=\"elementor-widget-container\">\n\t\t\t\t\t\t\t<ul class=\"elementor-icon-list-items\">\n\t\t\t\t\t\t\t<li class=\"elementor-icon-list-item\">\n\t\t\t\t\t\t\t\t\t\t\t<span class=\"elementor-icon-list-icon\">\n\t\t\t\t\t\t\t<i aria-hidden=\"true\" class=\"fas fa-phone-square-alt\"><\/i>\t\t\t\t\t\t<\/span>\n\t\t\t\t\t\t\t\t\t\t<span class=\"elementor-icon-list-text\">+48 669 725 705<\/span>\n\t\t\t\t\t\t\t\t\t<\/li>\n\t\t\t\t\t\t\t\t<li class=\"elementor-icon-list-item\">\n\t\t\t\t\t\t\t\t\t\t\t<a href=\"mailto:wleczek@mv-center.com\">\n\n\t\t\t\t\t\t\t\t\t\t\t\t<span class=\"elementor-icon-list-icon\">\n\t\t\t\t\t\t\t<i aria-hidden=\"true\" class=\"far fa-envelope-open\"><\/i>\t\t\t\t\t\t<\/span>\n\t\t\t\t\t\t\t\t\t\t<span class=\"elementor-icon-list-text\">wleczek@mv-center.com<\/span>\n\t\t\t\t\t\t\t\t\t\t\t<\/a>\n\t\t\t\t\t\t\t\t\t<\/li>\n\t\t\t\t\t\t<\/ul>\n\t\t\t\t\t\t<\/div>\n\t\t\t\t<\/div>\n\t\t\t\t\t<\/div>\n\t\t<\/div>\n\t\t\t\t<div class=\"elementor-column elementor-col-25 elementor-top-column elementor-element elementor-element-5096f76\" data-id=\"5096f76\" data-element_type=\"column\">\n\t\t\t<div class=\"elementor-widget-wrap elementor-element-populated\">\n\t\t\t\t\t\t<div class=\"elementor-element elementor-element-57452b4 elementor-widget elementor-widget-image\" data-id=\"57452b4\" data-element_type=\"widget\" data-widget_type=\"image.default\">\n\t\t\t\t<div class=\"elementor-widget-container\">\n\t\t\t\t\t\t\t\t\t\t\t\t\t\t\t<img loading=\"lazy\" decoding=\"async\" width=\"480\" height=\"721\" src=\"https:\/\/mv-center.com\/wp-content\/uploads\/2026\/03\/Patrycja-1.jpg\" class=\"attachment-large size-large wp-image-4602\" alt=\"\" srcset=\"https:\/\/mv-center.com\/wp-content\/uploads\/2026\/03\/Patrycja-1.jpg 480w, https:\/\/mv-center.com\/wp-content\/uploads\/2026\/03\/Patrycja-1-200x300.jpg 200w, https:\/\/mv-center.com\/wp-content\/uploads\/2026\/03\/Patrycja-1-16x24.jpg 16w, https:\/\/mv-center.com\/wp-content\/uploads\/2026\/03\/Patrycja-1-24x36.jpg 24w, https:\/\/mv-center.com\/wp-content\/uploads\/2026\/03\/Patrycja-1-32x48.jpg 32w\" sizes=\"(max-width: 480px) 100vw, 480px\" \/>\t\t\t\t\t\t\t\t\t\t\t\t\t\t\t<\/div>\n\t\t\t\t<\/div>\n\t\t\t\t<div class=\"elementor-element elementor-element-e9c15fb elementor-widget elementor-widget-heading\" data-id=\"e9c15fb\" data-element_type=\"widget\" data-widget_type=\"heading.default\">\n\t\t\t\t<div class=\"elementor-widget-container\">\n\t\t\t\t\t<h2 class=\"elementor-heading-title elementor-size-default\">Patrycja Ga\u0142wiaczek\n<\/h2>\t\t\t\t<\/div>\n\t\t\t\t<\/div>\n\t\t\t\t<div class=\"elementor-element elementor-element-7f7f622 elementor-widget elementor-widget-heading\" data-id=\"7f7f622\" data-element_type=\"widget\" data-widget_type=\"heading.default\">\n\t\t\t\t<div class=\"elementor-widget-container\">\n\t\t\t\t\t<h2 class=\"elementor-heading-title elementor-size-default\">key account director<\/h2>\t\t\t\t<\/div>\n\t\t\t\t<\/div>\n\t\t\t\t<div class=\"elementor-element elementor-element-3f5512b elementor-icon-list--layout-traditional elementor-list-item-link-full_width elementor-widget elementor-widget-icon-list\" data-id=\"3f5512b\" data-element_type=\"widget\" data-widget_type=\"icon-list.default\">\n\t\t\t\t<div class=\"elementor-widget-container\">\n\t\t\t\t\t\t\t<ul class=\"elementor-icon-list-items\">\n\t\t\t\t\t\t\t<li class=\"elementor-icon-list-item\">\n\t\t\t\t\t\t\t\t\t\t\t<span class=\"elementor-icon-list-icon\">\n\t\t\t\t\t\t\t<i aria-hidden=\"true\" class=\"fas fa-phone-square-alt\"><\/i>\t\t\t\t\t\t<\/span>\n\t\t\t\t\t\t\t\t\t\t<span class=\"elementor-icon-list-text\">+48 503 380 927<\/span>\n\t\t\t\t\t\t\t\t\t<\/li>\n\t\t\t\t\t\t\t\t<li class=\"elementor-icon-list-item\">\n\t\t\t\t\t\t\t\t\t\t\t<a href=\"mailto:patrycja.galwiaczek@mv-center.com\">\n\n\t\t\t\t\t\t\t\t\t\t\t\t<span class=\"elementor-icon-list-icon\">\n\t\t\t\t\t\t\t<i aria-hidden=\"true\" class=\"far fa-envelope-open\"><\/i>\t\t\t\t\t\t<\/span>\n\t\t\t\t\t\t\t\t\t\t<span class=\"elementor-icon-list-text\">patrycja.galwiaczek@mv-center.com<\/span>\n\t\t\t\t\t\t\t\t\t\t\t<\/a>\n\t\t\t\t\t\t\t\t\t<\/li>\n\t\t\t\t\t\t<\/ul>\n\t\t\t\t\t\t<\/div>\n\t\t\t\t<\/div>\n\t\t\t\t\t<\/div>\n\t\t<\/div>\n\t\t\t\t\t<\/div>\n\t\t<\/section>\n\t\t\t\t<\/div>\n\t\t","protected":false},"excerpt":{"rendered":"<p>Our teams from each division of the organization will work on solving your problem. Get to know their leaders, who will contact you directly. Jakub W\u00f3jcik project manager +48 669 909 509 jwojcik@mv-center.com Pawe\u0142 Janczyk sales manager +48 669 209 109 pjanczyk@mv-center.com Wiktor \u0141\u0119czek technical manager +48 669 725 705 wleczek@mv-center.com Patrycja Ga\u0142wiaczek key account [&hellip;]<\/p>\n","protected":false},"author":7,"featured_media":0,"parent":1426,"menu_order":0,"comment_status":"closed","ping_status":"closed","template":"elementor_header_footer","meta":{"_acf_changed":false,"footnotes":""},"class_list":["post-1434","page","type-page","status-publish","hentry"],"acf":[],"yoast_head":"<!-- This site is optimized with the Yoast SEO Premium plugin v21.9 (Yoast SEO v21.9.1) - https:\/\/yoast.com\/wordpress\/plugins\/seo\/ -->\n<title>Team - MV Center<\/title>\n<meta name=\"robots\" content=\"index, follow, max-snippet:-1, max-image-preview:large, max-video-preview:-1\" \/>\n<link rel=\"canonical\" href=\"https:\/\/mv-center.com\/en\/team\/\" \/>\n<meta property=\"og:locale\" content=\"en_US\" \/>\n<meta property=\"og:type\" content=\"article\" \/>\n<meta property=\"og:title\" content=\"Team\" \/>\n<meta property=\"og:description\" content=\"Our teams from each division of the organization will work on solving your problem. Get to know their leaders, who will contact you directly. Jakub W\u00f3jcik project manager +48 669 909 509 jwojcik@mv-center.com Pawe\u0142 Janczyk sales manager +48 669 209 109 pjanczyk@mv-center.com Wiktor \u0141\u0119czek technical manager +48 669 725 705 wleczek@mv-center.com Patrycja Ga\u0142wiaczek key account [&hellip;]\" \/>\n<meta property=\"og:url\" content=\"https:\/\/mv-center.com\/en\/team\/\" \/>\n<meta property=\"og:site_name\" content=\"MV Center\" \/>\n<meta property=\"article:modified_time\" content=\"2026-03-11T14:52:10+00:00\" \/>\n<meta property=\"og:image\" content=\"https:\/\/mv-center.com\/wp-content\/uploads\/2024\/01\/Zespol_MV_Center-1-1-1024x512.jpg\" \/>\n<meta name=\"twitter:card\" content=\"summary_large_image\" \/>\n<meta name=\"twitter:label1\" content=\"Est. reading time\" \/>\n\t<meta name=\"twitter:data1\" content=\"2 minutes\" \/>\n<script type=\"application\/ld+json\" class=\"yoast-schema-graph\">{\"@context\":\"https:\/\/schema.org\",\"@graph\":[{\"@type\":\"WebPage\",\"@id\":\"https:\/\/mv-center.com\/en\/team\/\",\"url\":\"https:\/\/mv-center.com\/en\/team\/\",\"name\":\"Team - MV Center\",\"isPartOf\":{\"@id\":\"https:\/\/mv-center.com\/en\/#website\"},\"datePublished\":\"2023-06-09T06:26:28+00:00\",\"dateModified\":\"2026-03-11T14:52:10+00:00\",\"breadcrumb\":{\"@id\":\"https:\/\/mv-center.com\/en\/team\/#breadcrumb\"},\"inLanguage\":\"en-US\",\"potentialAction\":[{\"@type\":\"ReadAction\",\"target\":[\"https:\/\/mv-center.com\/en\/team\/\"]}]},{\"@type\":\"BreadcrumbList\",\"@id\":\"https:\/\/mv-center.com\/en\/team\/#breadcrumb\",\"itemListElement\":[{\"@type\":\"ListItem\",\"position\":1,\"name\":\"Homepage\",\"item\":\"https:\/\/mv-center.com\/en\/\"},{\"@type\":\"ListItem\",\"position\":2,\"name\":\"About us\",\"item\":\"https:\/\/mv-center.com\/en\/?page_id=1426\"},{\"@type\":\"ListItem\",\"position\":3,\"name\":\"Team\"}]},{\"@type\":\"WebSite\",\"@id\":\"https:\/\/mv-center.com\/en\/#website\",\"url\":\"https:\/\/mv-center.com\/en\/\",\"name\":\"MV Center\",\"description\":\"MV Center Systemy Wizyjne\",\"publisher\":{\"@id\":\"https:\/\/mv-center.com\/en\/#organization\"},\"potentialAction\":[{\"@type\":\"SearchAction\",\"target\":{\"@type\":\"EntryPoint\",\"urlTemplate\":\"https:\/\/mv-center.com\/en\/?s={search_term_string}\"},\"query-input\":\"required name=search_term_string\"}],\"inLanguage\":\"en-US\"},{\"@type\":\"Organization\",\"@id\":\"https:\/\/mv-center.com\/en\/#organization\",\"name\":\"MV Center\",\"url\":\"https:\/\/mv-center.com\/en\/\",\"logo\":{\"@type\":\"ImageObject\",\"inLanguage\":\"en-US\",\"@id\":\"https:\/\/mv-center.com\/en\/#\/schema\/logo\/image\/\",\"url\":\"https:\/\/mv-center.com\/wp-content\/uploads\/2023\/04\/mvcexf.png\",\"contentUrl\":\"https:\/\/mv-center.com\/wp-content\/uploads\/2023\/04\/mvcexf.png\",\"width\":420,\"height\":106,\"caption\":\"MV Center\"},\"image\":{\"@id\":\"https:\/\/mv-center.com\/en\/#\/schema\/logo\/image\/\"}}]}<\/script>\n<!-- \/ Yoast SEO Premium plugin. -->","yoast_head_json":{"title":"Team - MV Center","robots":{"index":"index","follow":"follow","max-snippet":"max-snippet:-1","max-image-preview":"max-image-preview:large","max-video-preview":"max-video-preview:-1"},"canonical":"https:\/\/mv-center.com\/en\/team\/","og_locale":"en_US","og_type":"article","og_title":"Team","og_description":"Our teams from each division of the organization will work on solving your problem. Get to know their leaders, who will contact you directly. Jakub W\u00f3jcik project manager +48 669 909 509 jwojcik@mv-center.com Pawe\u0142 Janczyk sales manager +48 669 209 109 pjanczyk@mv-center.com Wiktor \u0141\u0119czek technical manager +48 669 725 705 wleczek@mv-center.com Patrycja Ga\u0142wiaczek key account [&hellip;]","og_url":"https:\/\/mv-center.com\/en\/team\/","og_site_name":"MV Center","article_modified_time":"2026-03-11T14:52:10+00:00","og_image":[{"url":"https:\/\/mv-center.com\/wp-content\/uploads\/2024\/01\/Zespol_MV_Center-1-1-1024x512.jpg"}],"twitter_card":"summary_large_image","twitter_misc":{"Est. reading time":"2 minutes"},"schema":{"@context":"https:\/\/schema.org","@graph":[{"@type":"WebPage","@id":"https:\/\/mv-center.com\/en\/team\/","url":"https:\/\/mv-center.com\/en\/team\/","name":"Team - MV Center","isPartOf":{"@id":"https:\/\/mv-center.com\/en\/#website"},"datePublished":"2023-06-09T06:26:28+00:00","dateModified":"2026-03-11T14:52:10+00:00","breadcrumb":{"@id":"https:\/\/mv-center.com\/en\/team\/#breadcrumb"},"inLanguage":"en-US","potentialAction":[{"@type":"ReadAction","target":["https:\/\/mv-center.com\/en\/team\/"]}]},{"@type":"BreadcrumbList","@id":"https:\/\/mv-center.com\/en\/team\/#breadcrumb","itemListElement":[{"@type":"ListItem","position":1,"name":"Homepage","item":"https:\/\/mv-center.com\/en\/"},{"@type":"ListItem","position":2,"name":"About us","item":"https:\/\/mv-center.com\/en\/?page_id=1426"},{"@type":"ListItem","position":3,"name":"Team"}]},{"@type":"WebSite","@id":"https:\/\/mv-center.com\/en\/#website","url":"https:\/\/mv-center.com\/en\/","name":"MV Center","description":"MV Center Systemy Wizyjne","publisher":{"@id":"https:\/\/mv-center.com\/en\/#organization"},"potentialAction":[{"@type":"SearchAction","target":{"@type":"EntryPoint","urlTemplate":"https:\/\/mv-center.com\/en\/?s={search_term_string}"},"query-input":"required name=search_term_string"}],"inLanguage":"en-US"},{"@type":"Organization","@id":"https:\/\/mv-center.com\/en\/#organization","name":"MV Center","url":"https:\/\/mv-center.com\/en\/","logo":{"@type":"ImageObject","inLanguage":"en-US","@id":"https:\/\/mv-center.com\/en\/#\/schema\/logo\/image\/","url":"https:\/\/mv-center.com\/wp-content\/uploads\/2023\/04\/mvcexf.png","contentUrl":"https:\/\/mv-center.com\/wp-content\/uploads\/2023\/04\/mvcexf.png","width":420,"height":106,"caption":"MV Center"},"image":{"@id":"https:\/\/mv-center.com\/en\/#\/schema\/logo\/image\/"}}]}},"_links":{"self":[{"href":"https:\/\/mv-center.com\/en\/wp-json\/wp\/v2\/pages\/1434","targetHints":{"allow":["GET"]}}],"collection":[{"href":"https:\/\/mv-center.com\/en\/wp-json\/wp\/v2\/pages"}],"about":[{"href":"https:\/\/mv-center.com\/en\/wp-json\/wp\/v2\/types\/page"}],"author":[{"embeddable":true,"href":"https:\/\/mv-center.com\/en\/wp-json\/wp\/v2\/users\/7"}],"replies":[{"embeddable":true,"href":"https:\/\/mv-center.com\/en\/wp-json\/wp\/v2\/comments?post=1434"}],"version-history":[{"count":10,"href":"https:\/\/mv-center.com\/en\/wp-json\/wp\/v2\/pages\/1434\/revisions"}],"predecessor-version":[{"id":4606,"href":"https:\/\/mv-center.com\/en\/wp-json\/wp\/v2\/pages\/1434\/revisions\/4606"}],"up":[{"embeddable":true,"href":"https:\/\/mv-center.com\/en\/wp-json\/wp\/v2\/pages\/1426"}],"wp:attachment":[{"href":"https:\/\/mv-center.com\/en\/wp-json\/wp\/v2\/media?parent=1434"}],"curies":[{"name":"wp","href":"https:\/\/api.w.org\/{rel}","templated":true}]}}